{"id":9,"date":"2020-03-26T13:05:54","date_gmt":"2020-03-26T12:05:54","guid":{"rendered":"http:\/\/www.rais-tools.com\/?page_id=9"},"modified":"2020-06-04T13:04:54","modified_gmt":"2020-06-04T11:04:54","slug":"o-firmie","status":"publish","type":"page","link":"https:\/\/www.rais-tools.com\/en\/o-firmie\/","title":{"rendered":"about the company"},"content":{"rendered":"<p>[et_pb_section fb_built=&#8221;1&#8243; disabled_on=&#8221;off|off|off&#8221; admin_label=&#8221;Why Choose Us Section&#8221; _builder_version=&#8221;4.4.1&#8243; background_size=&#8221;initial&#8221; background_position=&#8221;bottom_right&#8221; module_alignment=&#8221;right&#8221; custom_margin=&#8221;||||false&#8221; custom_padding=&#8221;71px||120px||false|&#8221; locked=&#8221;off&#8221;][et_pb_row column_structure=&#8221;3_5,2_5&#8243; disabled_on=&#8221;off|off|off&#8221; admin_label=&#8221;Service Area&#8221; _builder_version=&#8221;4.4.1&#8243; locked=&#8221;off&#8221;][et_pb_column type=&#8221;3_5&#8243; _builder_version=&#8221;3.25&#8243; custom_padding=&#8221;|||&#8221; custom_padding__hover=&#8221;|||&#8221;][et_pb_text admin_label=&#8221;Title&#8221; _builder_version=&#8221;4.4.1&#8243; text_font=&#8221;||||||||&#8221; header_font=&#8221;||||||||&#8221; header_2_font=&#8221;Montserrat||||||||&#8221; header_2_font_size=&#8221;48px&#8221; header_2_line_height=&#8221;1.4em&#8221; custom_margin=&#8221;||-17px|-40px||&#8221; custom_margin_tablet=&#8221;&#8221; custom_margin_phone=&#8221;|||0px&#8221; custom_margin_last_edited=&#8221;on|phone&#8221; custom_padding=&#8221;|||30px&#8221; animation_style=&#8221;fold&#8221; animation_direction=&#8221;left&#8221; animation_intensity_fold=&#8221;5%&#8221; animation_starting_opacity=&#8221;100%&#8221; header_2_font_size_tablet=&#8221;30px&#8221; header_2_font_size_phone=&#8221;&#8221; header_2_font_size_last_edited=&#8221;on|tablet&#8221; border_color_all=&#8221;#ff5400&#8243; border_width_left=&#8221;10px&#8221; border_color_left=&#8221;#FF0000&#8243;]<\/p>\n<h2><strong>Get to know us<\/strong><\/h2>\n<p>[\/et_pb_text][\/et_pb_column][et_pb_column type=&#8221;2_5&#8243; _builder_version=&#8221;3.25&#8243; custom_padding=&#8221;|||&#8221; custom_padding__hover=&#8221;|||&#8221;][\/et_pb_column][\/et_pb_row][et_pb_row disabled_on=&#8221;off|off|off&#8221; admin_label=&#8221;Service Area&#8221; _builder_version=&#8221;4.4.1&#8243; locked=&#8221;off&#8221;][et_pb_column type=&#8221;4_4&#8243; _builder_version=&#8221;3.25&#8243; custom_padding=&#8221;|||&#8221; custom_padding__hover=&#8221;|||&#8221;][et_pb_text admin_label=&#8221;Subtitle&#8221; _builder_version=&#8221;4.4.1&#8243; text_font=&#8221;Montserrat||||||||&#8221; text_font_size=&#8221;16px&#8221; text_line_height=&#8221;1.8em&#8221; max_width=&#8221;95%&#8221; max_width_tablet=&#8221;&#8221; max_width_phone=&#8221;&#8221; max_width_last_edited=&#8221;on|desktop&#8221; custom_margin=&#8221;|-451px||||&#8221; custom_padding=&#8221;|||&#8221; animation_style=&#8221;fold&#8221; animation_direction=&#8221;left&#8221; animation_intensity_fold=&#8221;5%&#8221; animation_starting_opacity=&#8221;100%&#8221; locked=&#8221;off&#8221;]<\/p>\n<p><b>RAIS-TOOLS is a company with 40 years of experience.\u00a0<\/b><\/p>\n<p><span style=\"font-weight: 400;\">We are a major manufacturer of quick-clamping clamps and hand presses. We have a strong position in the automotive, plastics, wood and other industries. Our products are known for their very high quality both in Poland and in Europe, as evidenced by numerous awards and distinctions won during annual international fairs throughout Europe.<\/span><span style=\"font-size: 16px;\">\u00a0<\/span><\/p>\n<p><span style=\"font-weight: 400;\">Our consistently pursued goal is to develop and implement new products to fully meet the growing needs of the market in this area.\u00a0<\/span><\/p>\n<p><span style=\"font-weight: 400;\">Our production for the domestic market and export increases year by year.\u00a0<\/span><\/p>\n<p><span style=\"font-weight: 400;\">The RAIS-Narz\u0119dzia Mocuj\u0105ce company has a quality management system according to the ISO 9001:2008 standard, documented by a certificate.<br \/> Since 2014, we have also been providing services in the field of metal processing. Our portfolio includes a laser cutter, press brakes, eccentric presses, milling machines and lathes.<\/span><\/p>\n<p>[\/et_pb_text][\/et_pb_column][\/et_pb_row][et_pb_row disabled_on=&#8221;off|off|off&#8221; admin_label=&#8221;Service Area&#8221; _builder_version=&#8221;4.4.1&#8243; locked=&#8221;off&#8221;][et_pb_column type=&#8221;4_4&#8243; _builder_version=&#8221;3.25&#8243; custom_padding=&#8221;|||&#8221; custom_padding__hover=&#8221;|||&#8221;][et_pb_text admin_label=&#8221;Title&#8221; _builder_version=&#8221;4.4.1&#8243; text_font=&#8221;||||||||&#8221; header_font=&#8221;||||||||&#8221; header_2_font=&#8221;Montserrat||||||||&#8221; header_2_font_size=&#8221;48px&#8221; header_2_line_height=&#8221;1.4em&#8221; text_orientation=&#8221;center&#8221; width=&#8221;38%&#8221; module_alignment=&#8221;center&#8221; custom_margin=&#8221;|||-40px&#8221; custom_margin_tablet=&#8221;&#8221; custom_margin_phone=&#8221;|||0px&#8221; custom_margin_last_edited=&#8221;on|phone&#8221; custom_padding=&#8221;|||30px&#8221; animation_style=&#8221;fold&#8221; animation_direction=&#8221;left&#8221; animation_intensity_fold=&#8221;5%&#8221; animation_starting_opacity=&#8221;100%&#8221; header_2_font_size_tablet=&#8221;30px&#8221; header_2_font_size_phone=&#8221;&#8221; header_2_font_size_last_edited=&#8221;on|tablet&#8221; border_color_all=&#8221;#ff5400&#8243; border_width_left=&#8221;10px&#8221; border_color_left=&#8221;#FF0000&#8243;]<\/p>\n<h2><strong>Why us?<\/strong><\/h2>\n<p>[\/et_pb_text][\/et_pb_column][\/et_pb_row][et_pb_row column_structure=&#8221;1_3,1_3,1_3&#8243; admin_label=&#8221;Features&#8221; _builder_version=&#8221;3.25&#8243; custom_margin=&#8221;10px|||&#8221;][et_pb_column type=&#8221;1_3&#8243; _builder_version=&#8221;3.25&#8243; custom_padding=&#8221;|||&#8221; custom_padding__hover=&#8221;|||&#8221;][et_pb_blurb title=&#8221;certyfikaty jako\u015bci&#8221; image=&#8221;https:\/\/rais-tools.com\/wp-content\/uploads\/2020\/03\/002-security.png&#8221; image_max_width=&#8221;50%&#8221; _builder_version=&#8221;4.4.7&#8243; header_font=&#8221;Montserrat|700|||||||&#8221; header_line_height=&#8221;1.8em&#8221; body_font=&#8221;||||||||&#8221; body_font_size=&#8221;16px&#8221; body_line_height=&#8221;1.8em&#8221; text_orientation=&#8221;center&#8221;]<\/p>\n<p>We have a quality management system according to ISO 9001:2008 documented by a certificate<\/p>\n<p>[\/et_pb_blurb][\/et_pb_column][et_pb_column type=&#8221;1_3&#8243; _builder_version=&#8221;3.25&#8243; custom_padding=&#8221;|||&#8221; custom_padding__hover=&#8221;|||&#8221;][et_pb_blurb title=&#8221;liczne nagrody i wyr\u00f3\u017cnienia&#8221; image=&#8221;https:\/\/rais-tools.com\/wp-content\/uploads\/2020\/03\/001-laurel.png&#8221; image_max_width=&#8221;50%&#8221; _builder_version=&#8221;4.4.1&#8243; header_font=&#8221;Montserrat|700|||||||&#8221; header_line_height=&#8221;1.8em&#8221; body_font=&#8221;||||||||&#8221; body_font_size=&#8221;16px&#8221; body_line_height=&#8221;1.8em&#8221; text_orientation=&#8221;center&#8221;]<\/p>\n<p>Our quality is proven by numerous awards and distinctions won throughout Europe.<\/p>\n<p>[\/et_pb_blurb][\/et_pb_column][et_pb_column type=&#8221;1_3&#8243; _builder_version=&#8221;3.25&#8243; custom_padding=&#8221;|||&#8221; custom_padding__hover=&#8221;|||&#8221;][et_pb_blurb title=&#8221;rozw\u00f3j i modernizacja&#8221; image=&#8221;https:\/\/rais-tools.com\/wp-content\/uploads\/2020\/03\/003-growth.png&#8221; image_max_width=&#8221;50%&#8221; _builder_version=&#8221;4.4.7&#8243; header_font=&#8221;Montserrat|700|||||||&#8221; header_line_height=&#8221;1.8em&#8221; body_font=&#8221;||||||||&#8221; body_font_size=&#8221;16px&#8221; body_line_height=&#8221;1.8em&#8221; text_orientation=&#8221;center&#8221;]Konsekwentnie realizowany rozw\u00f3j i wdra\u017canie nowych produkt\u00f3w[\/et_pb_blurb][\/et_pb_column][\/et_pb_row][\/et_pb_section][et_pb_section fb_built=&#8221;1&#8243; _builder_version=&#8221;4.4.7&#8243;][et_pb_row _builder_version=&#8221;4.4.7&#8243;][et_pb_column type=&#8221;4_4&#8243; _builder_version=&#8221;4.4.7&#8243;][et_pb_gallery gallery_ids=&#8221;416,417,418,419&#8243; show_title_and_caption=&#8221;off&#8221; show_pagination=&#8221;off&#8221; _builder_version=&#8221;4.4.7&#8243;][\/et_pb_gallery][\/et_pb_column][\/et_pb_row][\/et_pb_section][et_pb_section fb_built=&#8221;1&#8243; custom_padding_last_edited=&#8221;on|phone&#8221; admin_label=&#8221;Footer Section&#8221; _builder_version=&#8221;4.4.1&#8243; use_background_color_gradient=&#8221;on&#8221; background_color_gradient_start=&#8221;rgba(43,48,58,0.87)&#8221; background_color_gradient_end=&#8221;rgba(43,48,58,0.39)&#8221; background_color_gradient_type=&#8221;radial&#8221; background_color_gradient_direction_radial=&#8221;top left&#8221; background_color_gradient_start_position=&#8221;10%&#8221; background_color_gradient_overlays_image=&#8221;on&#8221; background_image=&#8221;https:\/\/rais-tools.com\/wp-content\/uploads\/2020\/03\/MG_1931-scaled.jpg&#8221; background_position=&#8221;bottom_center&#8221; width=&#8221;100%&#8221; module_alignment=&#8221;right&#8221; custom_margin=&#8221;-3px|60px|-3px|60px|true|true&#8221; custom_margin_tablet=&#8221;0px|0px|0px|0px|true|true&#8221; custom_margin_phone=&#8221;&#8221; custom_margin_last_edited=&#8221;on|tablet&#8221; custom_padding=&#8221;0px||13vw|0|false|false&#8221; custom_padding_tablet=&#8221;|||0px&#8221; custom_padding_phone=&#8221;||120px|&#8221; bottom_divider_style=&#8221;asymmetric4&#8243; bottom_divider_color=&#8221;#171717&#8243; bottom_divider_repeat=&#8221;0.5x&#8221; bottom_divider_flip=&#8221;horizontal&#8221; animation_style=&#8221;slide&#8221; animation_direction=&#8221;bottom&#8221; animation_intensity_slide=&#8221;5%&#8221; box_shadow_style=&#8221;preset3&#8243; box_shadow_vertical=&#8221;-80px&#8221; box_shadow_blur=&#8221;200px&#8221; box_shadow_spread=&#8221;-40px&#8221; box_shadow_color=&#8221;rgba(0,0,0,0.12)&#8221; global_module=&#8221;303&#8243;][et_pb_row column_structure=&#8221;2_3,1_3&#8243; use_custom_gutter=&#8221;on&#8221; gutter_width=&#8221;1&#8243; make_equal=&#8221;on&#8221; disabled_on=&#8221;off|off|off&#8221; admin_label=&#8221;Footer Area&#8221; _builder_version=&#8221;4.4.1&#8243; background_color=&#8221;#ff5400&#8243; width=&#8221;85%&#8221; max_width=&#8221;90%&#8221; module_alignment=&#8221;right&#8221; custom_margin=&#8221;|||&#8221; custom_margin_tablet=&#8221;|||0px&#8221; custom_margin_last_edited=&#8221;off|desktop&#8221; custom_padding=&#8221;0px||0px|&#8221; use_custom_width=&#8221;on&#8221; width_unit=&#8221;off&#8221; custom_width_percent=&#8221;90%&#8221;][et_pb_column type=&#8221;2_3&#8243; _builder_version=&#8221;3.25&#8243; background_color=&#8221;#ffffff&#8221; custom_padding=&#8221;40px|10%|40px|10%&#8221; custom_padding__hover=&#8221;|||&#8221;][et_pb_text _builder_version=&#8221;4.4.1&#8243; text_font=&#8221;Montserrat|900||on|||||&#8221; text_text_color=&#8221;#7f7f7f&#8221; text_font_size=&#8221;16px&#8221; text_letter_spacing=&#8221;4px&#8221; text_line_height=&#8221;2em&#8221; link_font=&#8221;Bungee||||||||&#8221; link_text_color=&#8221;#ff5400&#8243; link_font_size=&#8221;24px&#8221; link_letter_spacing=&#8221;4px&#8221; ul_font=&#8221;||||||||&#8221; ol_font=&#8221;||||||||&#8221; quote_font=&#8221;||||||||&#8221; header_font=&#8221;||||||||&#8221; header_2_font=&#8221;||||||||&#8221; header_3_font=&#8221;||||||||&#8221; header_4_font=&#8221;||||||||&#8221; header_5_font=&#8221;||||||||&#8221; header_6_font=&#8221;||||||||&#8221; max_width_tablet=&#8221;&#8221; max_width_phone=&#8221;&#8221; max_width_last_edited=&#8221;on|desktop&#8221; custom_margin=&#8221;|||&#8221; custom_padding=&#8221;|||&#8221; custom_padding_tablet=&#8221;35px|70px|25px|70px&#8221; custom_padding_phone=&#8221;50px|20px|40px|20px&#8221; custom_padding_last_edited=&#8221;off|desktop&#8221; animation_style=&#8221;fold&#8221; animation_direction=&#8221;left&#8221; animation_intensity_fold=&#8221;5%&#8221; animation_starting_opacity=&#8221;100%&#8221; link_font_size_tablet=&#8221;24px&#8221; link_font_size_phone=&#8221;24px&#8221; link_font_size_last_edited=&#8221;off|desktop&#8221; locked=&#8221;off&#8221;]<\/p>\n<p>Contact us<\/p>\n<p>[\/et_pb_text][\/et_pb_column][et_pb_column type=&#8221;1_3&#8243; _builder_version=&#8221;4.4.1&#8243; background_color=&#8221;#9e1017&#8243; custom_padding=&#8221;|||&#8221; custom_padding__hover=&#8221;|||&#8221;][et_pb_button button_url=&#8221;https:\/\/rais-tools.com\/kontakt\/&#8221; button_text=&#8221;kontakt&#8221; button_alignment=&#8221;center&#8221; _builder_version=&#8221;4.4.1&#8243; custom_button=&#8221;on&#8221; button_text_size=&#8221;22px&#8221; button_bg_color=&#8221;#9e1017&#8243; button_border_width=&#8221;12px&#8221; button_border_color=&#8221;#9e1017&#8243; button_letter_spacing=&#8221;4px&#8221; button_font=&#8221;Montserrat||||||||&#8221; button_icon=&#8221;%%3%%&#8221; button_on_hover=&#8221;off&#8221; background_layout=&#8221;dark&#8221; custom_margin=&#8221;|||&#8221; custom_padding=&#8221;30px||30px||true|true&#8221; locked=&#8221;off&#8221; button_text_size__hover_enabled=&#8221;off&#8221; button_one_text_size__hover_enabled=&#8221;off&#8221; button_two_text_size__hover_enabled=&#8221;off&#8221; button_text_color__hover_enabled=&#8221;off&#8221; button_one_text_color__hover_enabled=&#8221;off&#8221; button_two_text_color__hover_enabled=&#8221;off&#8221; button_border_width__hover_enabled=&#8221;off&#8221; button_one_border_width__hover_enabled=&#8221;off&#8221; button_two_border_width__hover_enabled=&#8221;off&#8221; button_border_color__hover_enabled=&#8221;off&#8221; button_one_border_color__hover_enabled=&#8221;off&#8221; button_two_border_color__hover_enabled=&#8221;off&#8221; button_border_radius__hover_enabled=&#8221;off&#8221; button_one_border_radius__hover_enabled=&#8221;off&#8221; button_two_border_radius__hover_enabled=&#8221;off&#8221; button_letter_spacing__hover_enabled=&#8221;off&#8221; button_one_letter_spacing__hover_enabled=&#8221;off&#8221; button_two_letter_spacing__hover_enabled=&#8221;off&#8221; button_bg_color__hover_enabled=&#8221;off&#8221; button_one_bg_color__hover_enabled=&#8221;off&#8221; button_two_bg_color__hover_enabled=&#8221;off&#8221;][\/et_pb_button][\/et_pb_column][\/et_pb_row][et_pb_row column_structure=&#8221;1_2,1_2&#8243; disabled_on=&#8221;off|off|off&#8221; admin_label=&#8221;CTA Area&#8221; _builder_version=&#8221;4.4.1&#8243; custom_margin=&#8221;10vw||||false|false&#8221; locked=&#8221;off&#8221;][et_pb_column type=&#8221;1_2&#8243; _builder_version=&#8221;3.25&#8243; custom_padding=&#8221;|||&#8221; custom_padding__hover=&#8221;|||&#8221;][et_pb_text _builder_version=&#8221;4.4.7&#8243; text_font=&#8221;Montserrat||||||||&#8221; text_font_size=&#8221;20px&#8221; text_line_height=&#8221;1.8em&#8221; header_font=&#8221;||||||||&#8221; background_layout=&#8221;dark&#8221; max_width=&#8221;700px&#8221; max_width_tablet=&#8221;&#8221; max_width_phone=&#8221;&#8221; max_width_last_edited=&#8221;on|tablet&#8221; custom_margin=&#8221;|||&#8221; custom_padding=&#8221;|||&#8221; animation_style=&#8221;slide&#8221; animation_direction=&#8221;top&#8221; animation_intensity_slide=&#8221;5%&#8221; animation_starting_opacity=&#8221;100%&#8221; hover_enabled=&#8221;0&#8243; locked=&#8221;off&#8221; inline_fonts=&#8221;Montserrat&#8221;]<\/p>\n<p><span><span style=\"font-size: xx-large; font-family: Montserrat; font-weight: normal;\"><strong>RAIS-TOOLS Sp\u00f3\u0142ka z o.o.<\/strong><\/span><br \/>Buszewo 22, <br \/>62-045 Pniewy <br \/>NIP: 9721244004<\/span><\/p>\n<p>[\/et_pb_text][et_pb_text _builder_version=&#8221;4.4.1&#8243; text_font=&#8221;Montserrat|700||on|||||&#8221; text_text_color=&#8221;rgba(255,255,255,0.7)&#8221; text_font_size=&#8221;16px&#8221; text_letter_spacing=&#8221;2px&#8221; text_line_height=&#8221;1.8em&#8221; link_font=&#8221;Bungee||||||||&#8221; link_text_color=&#8221;#ffffff&#8221; link_font_size=&#8221;30px&#8221; link_letter_spacing=&#8221;4px&#8221; header_font=&#8221;Montserrat||||||||&#8221; background_layout=&#8221;dark&#8221; custom_margin=&#8221;|||&#8221; custom_padding=&#8221;30px||30px|&#8221; animation_style=&#8221;fold&#8221; animation_direction=&#8221;left&#8221; animation_intensity_fold=&#8221;5%&#8221; animation_starting_opacity=&#8221;100%&#8221; link_font_size_tablet=&#8221;&#8221; link_font_size_phone=&#8221;24px&#8221; link_font_size_last_edited=&#8221;on|desktop&#8221; inline_fonts=&#8221;Montserrat&#8221;]TEL: <a href=\"tel:+48698684212\">(+48) 734 183 547<\/a><\/span>[\/et_pb_text][et_pb_text _builder_version=&#8221;4.4.7&#8243; text_font=&#8221;Montserrat|700||on|||||&#8221; text_text_color=&#8221;rgba(255,255,255,0.7)&#8221; text_font_size=&#8221;16px&#8221; text_letter_spacing=&#8221;2px&#8221; text_line_height=&#8221;1.8em&#8221; link_font=&#8221;Bungee||||||||&#8221; link_text_color=&#8221;#ffffff&#8221; link_font_size=&#8221;30px&#8221; link_letter_spacing=&#8221;4px&#8221; header_font=&#8221;Montserrat||||||||&#8221; background_layout=&#8221;dark&#8221; custom_margin=&#8221;|||&#8221; custom_padding=&#8221;30px||30px|&#8221; animation_style=&#8221;fold&#8221; animation_direction=&#8221;left&#8221; animation_intensity_fold=&#8221;5%&#8221; animation_starting_opacity=&#8221;100%&#8221; hover_enabled=&#8221;0&#8243; link_font_size_tablet=&#8221;&#8221; link_font_size_phone=&#8221;24px&#8221; link_font_size_last_edited=&#8221;on|desktop&#8221; inline_fonts=&#8221;Montserrat&#8221;]<\/p>\n<p>e-maiL: <a href=\"mailto:uslugi@rais.pl\">uslugi@rais.pl<\/a><\/p>\n<p>[\/et_pb_text][\/et_pb_column][et_pb_column type=&#8221;1_2&#8243; _builder_version=&#8221;3.25&#8243; custom_padding=&#8221;|||&#8221; custom_padding__hover=&#8221;|||&#8221;][et_pb_code _builder_version=&#8221;4.4.1&#8243;]<iframe loading=\"lazy\" src=\"https:\/\/www.google.com\/maps\/embed?pb=!1m14!1m8!1m3!1d310567.88621782215!2d16.079186712962496!3d52.54588810000001!3m2!1i1024!2i768!4f13.1!3m3!1m2!1s0x470423da9f84e305%3A0xbfb0e580ea1da6ef!2sRais%20-%20Narz%C4%99dzia%20Mocuj%C4%85ce!5e0!3m2!1spl!2spl!4v1587727822040!5m2!1spl!2spl\" width=\"600\" height=\"450\" frameborder=\"0\" style=\"border:0;\" allowfullscreen=\"\" aria-hidden=\"false\" tabindex=\"0\"><\/iframe>[\/et_pb_code][\/et_pb_column][\/et_pb_row][\/et_pb_section]<\/p>","protected":false},"excerpt":{"rendered":"<p>Poznaj nasRAIS-TOOLS to firma z 40-letnim do\u015bwiadczeniem.\u00a0 Jeste\u015bmy znacz\u0105cym producentem docisk\u00f3w szybkomocuj\u0105cych oraz prasek r\u0119cznych. Posiadamy ugruntowan\u0105 pozycj\u0119 w przemy\u015ble motoryzacyjnym, tworzyw sztucznych, drzewnym i innych. Nasze wyroby znane s\u0105 z bardzo wysokiej jako\u015bci tak w kraju, jak i w Europie, czego dowodem s\u0105 liczne nagrody i wyr\u00f3\u017cnienia zdobyte podczas corocznych mi\u0119dzynarodowych targach na terenie [&hellip;]<\/p>","protected":false},"author":1,"featured_media":0,"parent":0,"menu_order":0,"comment_status":"closed","ping_status":"closed","template":"","meta":{"_et_pb_use_builder":"on","_et_pb_old_content":"<!-- wp:divi\/placeholder \/-->","_et_gb_content_width":"","footnotes":""},"class_list":["post-9","page","type-page","status-publish","hentry"],"yoast_head":"<!-- This site is optimized with the Yoast SEO plugin v25.1 - https:\/\/yoast.com\/wordpress\/plugins\/seo\/ -->\n<title>o firmie - RAIS TOOLS<\/title>\n<meta name=\"robots\" content=\"index, follow, max-snippet:-1, max-image-preview:large, max-video-preview:-1\" \/>\n<link rel=\"canonical\" href=\"https:\/\/www.rais-tools.com\/en\/o-firmie\/\" \/>\n<meta property=\"og:locale\" content=\"en_GB\" \/>\n<meta property=\"og:type\" content=\"article\" \/>\n<meta property=\"og:title\" content=\"o firmie - RAIS TOOLS\" \/>\n<meta property=\"og:description\" content=\"Poznaj nasRAIS-TOOLS to firma z 40-letnim do\u015bwiadczeniem.\u00a0 Jeste\u015bmy znacz\u0105cym producentem docisk\u00f3w szybkomocuj\u0105cych oraz prasek r\u0119cznych. Posiadamy ugruntowan\u0105 pozycj\u0119 w przemy\u015ble motoryzacyjnym, tworzyw sztucznych, drzewnym i innych. Nasze wyroby znane s\u0105 z bardzo wysokiej jako\u015bci tak w kraju, jak i w Europie, czego dowodem s\u0105 liczne nagrody i wyr\u00f3\u017cnienia zdobyte podczas corocznych mi\u0119dzynarodowych targach na terenie [&hellip;]\" \/>\n<meta property=\"og:url\" content=\"https:\/\/www.rais-tools.com\/en\/o-firmie\/\" \/>\n<meta property=\"og:site_name\" content=\"RAIS TOOLS\" \/>\n<meta property=\"article:modified_time\" content=\"2020-06-04T11:04:54+00:00\" \/>\n<meta name=\"twitter:card\" content=\"summary_large_image\" \/>\n<meta name=\"twitter:label1\" content=\"Estimated reading time\" \/>\n\t<meta name=\"twitter:data1\" content=\"9 minutes\" \/>\n<script type=\"application\/ld+json\" class=\"yoast-schema-graph\">{\"@context\":\"https:\/\/schema.org\",\"@graph\":[{\"@type\":\"WebPage\",\"@id\":\"https:\/\/www.rais-tools.com\/o-firmie\/\",\"url\":\"https:\/\/www.rais-tools.com\/o-firmie\/\",\"name\":\"o firmie - RAIS TOOLS\",\"isPartOf\":{\"@id\":\"\/#website\"},\"datePublished\":\"2020-03-26T12:05:54+00:00\",\"dateModified\":\"2020-06-04T11:04:54+00:00\",\"breadcrumb\":{\"@id\":\"https:\/\/www.rais-tools.com\/o-firmie\/#breadcrumb\"},\"inLanguage\":\"en-GB\",\"potentialAction\":[{\"@type\":\"ReadAction\",\"target\":[\"https:\/\/www.rais-tools.com\/o-firmie\/\"]}]},{\"@type\":\"BreadcrumbList\",\"@id\":\"https:\/\/www.rais-tools.com\/o-firmie\/#breadcrumb\",\"itemListElement\":[{\"@type\":\"ListItem\",\"position\":1,\"name\":\"Strona g\u0142\u00f3wna\",\"item\":\"https:\/\/www.rais-tools.com\/\"},{\"@type\":\"ListItem\",\"position\":2,\"name\":\"o firmie\"}]},{\"@type\":\"WebSite\",\"@id\":\"\/#website\",\"url\":\"\/\",\"name\":\"RAIS TOOLS\",\"description\":\"Kolejna witryna oparta na WordPressie\",\"potentialAction\":[{\"@type\":\"SearchAction\",\"target\":{\"@type\":\"EntryPoint\",\"urlTemplate\":\"\/?s={search_term_string}\"},\"query-input\":{\"@type\":\"PropertyValueSpecification\",\"valueRequired\":true,\"valueName\":\"search_term_string\"}}],\"inLanguage\":\"en-GB\"}]}<\/script>\n<!-- \/ Yoast SEO plugin. -->","yoast_head_json":{"title":"o firmie - RAIS TOOLS","robots":{"index":"index","follow":"follow","max-snippet":"max-snippet:-1","max-image-preview":"max-image-preview:large","max-video-preview":"max-video-preview:-1"},"canonical":"https:\/\/www.rais-tools.com\/en\/o-firmie\/","og_locale":"en_GB","og_type":"article","og_title":"o firmie - RAIS TOOLS","og_description":"Poznaj nasRAIS-TOOLS to firma z 40-letnim do\u015bwiadczeniem.\u00a0 Jeste\u015bmy znacz\u0105cym producentem docisk\u00f3w szybkomocuj\u0105cych oraz prasek r\u0119cznych. Posiadamy ugruntowan\u0105 pozycj\u0119 w przemy\u015ble motoryzacyjnym, tworzyw sztucznych, drzewnym i innych. Nasze wyroby znane s\u0105 z bardzo wysokiej jako\u015bci tak w kraju, jak i w Europie, czego dowodem s\u0105 liczne nagrody i wyr\u00f3\u017cnienia zdobyte podczas corocznych mi\u0119dzynarodowych targach na terenie [&hellip;]","og_url":"https:\/\/www.rais-tools.com\/en\/o-firmie\/","og_site_name":"RAIS TOOLS","article_modified_time":"2020-06-04T11:04:54+00:00","twitter_card":"summary_large_image","twitter_misc":{"Estimated reading time":"9 minutes"},"schema":{"@context":"https:\/\/schema.org","@graph":[{"@type":"WebPage","@id":"https:\/\/www.rais-tools.com\/o-firmie\/","url":"https:\/\/www.rais-tools.com\/o-firmie\/","name":"o firmie - RAIS TOOLS","isPartOf":{"@id":"\/#website"},"datePublished":"2020-03-26T12:05:54+00:00","dateModified":"2020-06-04T11:04:54+00:00","breadcrumb":{"@id":"https:\/\/www.rais-tools.com\/o-firmie\/#breadcrumb"},"inLanguage":"en-GB","potentialAction":[{"@type":"ReadAction","target":["https:\/\/www.rais-tools.com\/o-firmie\/"]}]},{"@type":"BreadcrumbList","@id":"https:\/\/www.rais-tools.com\/o-firmie\/#breadcrumb","itemListElement":[{"@type":"ListItem","position":1,"name":"Strona g\u0142\u00f3wna","item":"https:\/\/www.rais-tools.com\/"},{"@type":"ListItem","position":2,"name":"o firmie"}]},{"@type":"WebSite","@id":"\/#website","url":"\/","name":"RAIS TOOLS","description":"Kolejna witryna oparta na WordPressie","potentialAction":[{"@type":"SearchAction","target":{"@type":"EntryPoint","urlTemplate":"\/?s={search_term_string}"},"query-input":{"@type":"PropertyValueSpecification","valueRequired":true,"valueName":"search_term_string"}}],"inLanguage":"en-GB"}]}},"_links":{"self":[{"href":"https:\/\/www.rais-tools.com\/en\/wp-json\/wp\/v2\/pages\/9","targetHints":{"allow":["GET"]}}],"collection":[{"href":"https:\/\/www.rais-tools.com\/en\/wp-json\/wp\/v2\/pages"}],"about":[{"href":"https:\/\/www.rais-tools.com\/en\/wp-json\/wp\/v2\/types\/page"}],"author":[{"embeddable":true,"href":"https:\/\/www.rais-tools.com\/en\/wp-json\/wp\/v2\/users\/1"}],"replies":[{"embeddable":true,"href":"https:\/\/www.rais-tools.com\/en\/wp-json\/wp\/v2\/comments?post=9"}],"version-history":[{"count":10,"href":"https:\/\/www.rais-tools.com\/en\/wp-json\/wp\/v2\/pages\/9\/revisions"}],"predecessor-version":[{"id":456,"href":"https:\/\/www.rais-tools.com\/en\/wp-json\/wp\/v2\/pages\/9\/revisions\/456"}],"wp:attachment":[{"href":"https:\/\/www.rais-tools.com\/en\/wp-json\/wp\/v2\/media?parent=9"}],"curies":[{"name":"wp","href":"https:\/\/api.w.org\/{rel}","templated":true}]}}